{"id":49,"date":"2026-02-13T15:22:24","date_gmt":"2026-02-13T14:22:24","guid":{"rendered":"https:\/\/mbnp.fastllama.pl\/?page_id=49"},"modified":"2026-03-19T10:18:17","modified_gmt":"2026-03-19T09:18:17","slug":"kaplanstwo","status":"publish","type":"page","link":"https:\/\/mbnp.fastllama.pl\/?page_id=49","title":{"rendered":"Kap\u0142a\u0144stwo"},"content":{"rendered":"\t\t<div data-elementor-type=\"wp-page\" data-elementor-id=\"49\" class=\"elementor elementor-49\">\n\t\t\t\t<div class=\"elementor-element elementor-element-d56c6e0 e-flex e-con-boxed e-con e-parent\" data-id=\"d56c6e0\" data-element_type=\"container\" data-e-type=\"container\">\n\t\t\t\t\t<div class=\"e-con-inner\">\n\t\t\t\t<div class=\"elementor-element elementor-element-af76e73 elementor-widget elementor-widget-spacer\" data-id=\"af76e73\" data-element_type=\"widget\" data-e-type=\"widget\" data-widget_type=\"spacer.default\">\n\t\t\t\t\t\t\t<div class=\"elementor-spacer\">\n\t\t\t<div class=\"elementor-spacer-inner\"><\/div>\n\t\t<\/div>\n\t\t\t\t\t\t<\/div>\n\t\t\t\t\t<\/div>\n\t\t\t\t<\/div>\n\t\t<div class=\"elementor-element elementor-element-bcff17b e-flex e-con-boxed e-con e-parent\" data-id=\"bcff17b\" data-element_type=\"container\" data-e-type=\"container\">\n\t\t\t\t\t<div class=\"e-con-inner\">\n\t\t\t\t<div class=\"elementor-element elementor-element-91f80cf elementor-widget elementor-widget-heading\" data-id=\"91f80cf\" data-element_type=\"widget\" data-e-type=\"widget\" data-widget_type=\"heading.default\">\n\t\t\t\t\t<h2 class=\"elementor-heading-title elementor-size-default\">Kap\u0142a\u0144stwo<\/h2>\t\t\t\t<\/div>\n\t\t\t\t\t<\/div>\n\t\t\t\t<\/div>\n\t\t<div class=\"elementor-element elementor-element-f5c2a25 e-flex e-con-boxed e-con e-parent\" data-id=\"f5c2a25\" data-element_type=\"container\" data-e-type=\"container\">\n\t\t\t\t\t<div class=\"e-con-inner\">\n\t\t\t\t<div class=\"elementor-element elementor-element-dbafba8 elementor-widget elementor-widget-text-editor\" data-id=\"dbafba8\" data-element_type=\"widget\" data-e-type=\"widget\" data-widget_type=\"text-editor.default\">\n\t\t\t\t\t\t\t\t\t<p>Sakrament \u015bwi\u0119ce\u0144 jest sakramentem, dzi\u0119ki kt\u00f3remu pos\u0142anie, powierzone przez Chrystusa Aposto\u0142om, nadal jest spe\u0142niane w Ko\u015bciele a\u017c do ko\u0144ca czas\u00f3w. Jest to wi\u0119c sakrament pos\u0142ugi apostolskiej. Obejmuje on trzy stopnie: episkopat, prezbiterat i diakonat.\u00a0(KKK 1536)<\/p><p>Zbawiciel wybra\u0142 dwunastu najbli\u017cszych swoich wsp\u00f3\u0142pracownik\u00f3w \u2013 aposto\u0142\u00f3w, kt\u00f3rym, zleci\u0142 dzie\u0142o przekszta\u0142cania \u015bwiata w kr\u00f3lestwo Bo\u017ce, wyzwolone z mocy grzechu i szatana, a oddane Bogu i u\u015bwi\u0119cone. Dlatego te\u017c nakaza\u0142 im g\u0142osi\u0107 Ewangeli\u0119 wszelkiemu stworzeniu (por. Mt 28,18-20), sprawowa\u0107 Eucharysti\u0119 na Jego pami\u0105tk\u0119 (por. \u0141k 22,19) oraz odpuszcza\u0107 grzechy (por. J 20,22-23). R\u00f3wnie\u017c kap\u0142ani maj\u0105 troszczy\u0107 si\u0119 o kr\u00f3lestwo Bo\u017ce, czyli maj\u0105 budowa\u0107 Ko\u015bci\u00f3\u0142, Mistyczne Cia\u0142o Chrystusa, a przez to przyczynia\u0107 si\u0119 do zbawienia \u015bwiata i do uwielbienia Boga. Tak jak aposto\u0142owie, kap\u0142ani powo\u0142ani s\u0105 do g\u0142oszenia \u015bwiatu Ewangelii Jezusa Chrystusa, do szafowania sakramentami, g\u0142\u00f3wnie za\u015b \u2013 do sprawowania Eucharystii oraz udzielania rozgrzeszenia.<br \/>Od ko\u0144ca I wieku Ko\u015bci\u00f3\u0142 zna trzy stopnie kap\u0142a\u0144stwa hierarchicznego: diakonat, prezbiterat i biskupstwo. Zanim kandydat przyjmie \u015bwi\u0119cenia diakonatu, nast\u0119puje udzielenie pos\u0142ugi lektoratu i akolitatu. Wszyscy ochrzczeni maj\u0105 udzia\u0142 w tzw. powszechnym lub kr\u00f3lewskim kap\u0142a\u0144stwie. R\u00f3\u017cni si\u0119 jednak ono od kap\u0142a\u0144stwa hierarchicznego i nie jest jednym z jego stopni.<br \/>Ka\u017cde ze \u015bwi\u0119ce\u0144: diakonat, prezbiterat i biskupstwo, wyciska odr\u0119bny charakter sakramentalny i tym samym w szczeg\u00f3lny spos\u00f3b upodabnia cz\u0142owieka do Chrystusa Kap\u0142ana, Proroka i Pasterza. W tej potr\u00f3jnej funkcji Chrystusa \u2013 kap\u0142a\u0144skiej, prorockiej, zwanej inaczej nauczycielsk\u0105, i pasterskiej, czyli kr\u00f3lewskiej \u2013 ma udzia\u0142 ka\u017cda wy\u015bwi\u0119cona osoba. Przez charakter sakramentalny wy\u015bwi\u0119cony nale\u017cy w szczeg\u00f3lny spos\u00f3b do Chrystusa i do Jego Ko\u015bcio\u0142a. Istot\u0105 \u017cycia kap\u0142a\u0144skiego powinno zatem by\u0107 wsp\u00f3\u0142dzia\u0142anie z Chrystusem ofiaruj\u0105cym si\u0119, nauczaj\u0105cym i kieruj\u0105cym \u015bwiat ku Ojcu. \u201ePrezbiterzy bowiem przez \u015bwi\u0119cenia i misj\u0119, otrzymywan\u0105 od biskup\u00f3w, zostaj\u0105 wyniesieni do s\u0142u\u017cenia Chrystusowi Nauczycielowi, Kap\u0142anowi i Kr\u00f3lowi, uczestnicz\u0105c w Jego pos\u0142udze, dzi\u0119ki kt\u00f3rej Ko\u015bci\u00f3\u0142, tutaj na ziemi, nieustannie ro\u015bnie jako Lud Bo\u017cy, cia\u0142o Chrystusa i \u015awi\u0105tynia Ducha \u015awi\u0119tego\u201d (DK 1). Kap\u0142ani \u201epo\u015bwi\u0119ceni Bogu nowym sposobem w momencie przyj\u0119cia \u015bwi\u0119ce\u0144, staj\u0105 si\u0119 \u017cywymi narz\u0119dziami Chrystusa Wiecznego Kap\u0142ana, aby mogli kontynuowa\u0107 przez wieki Jego przedziwne dzie\u0142o, kt\u00f3re skuteczno\u015bci\u0105 z wysoka odnowi\u0142o ca\u0142y rodzaj ludzki\u201d (DK 12). Ka\u017cde ze \u015bwi\u0119ce\u0144 kap\u0142a\u0144skich uintensywnia r\u00f3wnie\u017c \u017cycie Bo\u017ce w cz\u0142owieku i udziela \u0142ask potrzebnych do wype\u0142niania r\u00f3\u017cnych zada\u0144 zwi\u0105zanych z kap\u0142a\u0144sk\u0105 pos\u0142ug\u0105. Tego zespolenia z Chrystusem Kap\u0142anem, Prorokiem i Pasterzem, uintensywnienia \u017cycia Bo\u017cego oraz udzielenia r\u00f3\u017cnych dar\u00f3w dokonuje Duch \u015awi\u0119ty udzielany w sakramencie \u015bwi\u0119ce\u0144.<br \/>Ko\u015bci\u00f3\u0142 zachodni nak\u0142ada na swoich kap\u0142an\u00f3w obowi\u0105zek zachowania celibatu, czyli bez\u017ce\u0144stwa. Opr\u00f3cz wzgl\u0119d\u00f3w praktycznych wiele racji teologicznych przemawia za sta\u0142ym utrzymaniem tej praktyki. Przez bez\u017ce\u0144stwo kap\u0142an ma upodobni\u0107 si\u0119 do Jezusa Chrystusa, kt\u00f3ry nie zawar\u0142 ma\u0142\u017ce\u0144stwa, lecz po\u015bwi\u0119ci\u0142 si\u0119 wy\u0142\u0105cznie pracy apostolskiej. Celibat ma by\u0107 znakiem, \u017ce kap\u0142an zwi\u0105zany jest i oddany nie tylko jednej osobie lub swojej rodzinie, lecz wsp\u00f3lnocie Ko\u015bcio\u0142a, podobnie jak Chrystus, kt\u00f3ry \u2013 \u015bci\u015ble zjednoczony ze swoim Mistycznym Cia\u0142em, Ko\u015bcio\u0142em \u2013 stale si\u0119 o niego troszczy, o\u017cywia go i umacnia. Przez \u201ecelibat zachowywany ze wzgl\u0119du na Kr\u00f3lestwo Niebieskie prezbiterzy s\u0105 po\u015bwi\u0119ceni Chrystusowi z nowych i wyj\u0105tkowych powod\u00f3w, \u0142atwiej niepodzielnym sercem trwaj\u0105 przy Nim, z wi\u0119ksz\u0105 swobod\u0105 w Nim i przez Niego po\u015bwi\u0119caj\u0105 si\u0119 s\u0142u\u017cbie Boga i ludzi, sprawniej s\u0142u\u017c\u0105 Jego Kr\u00f3lestwu i dzie\u0142u nadprzyrodzonego odrodzenia i staj\u0105 si\u0119 w ten spos\u00f3b zdatniejszymi do przyj\u0119cia szerszego ojcostwa w Chrystusie\u2026 Staj\u0105 si\u0119 oni ponadto \u017cywym znakiem tego przysz\u0142ego \u015bwiata, obecnego ju\u017c przez wiar\u0119 i mi\u0142o\u015b\u0107, w kt\u00f3rym synowie zmartwychwstania ani nie wychodz\u0105 za m\u0105\u017c, ani si\u0119 \u017ceni\u0105\u201d (DK 16). \u017bycie w celibacie nie mo\u017ce jednak wyp\u0142ywa\u0107 z pogardy dla ma\u0142\u017ce\u0144stwa, kt\u00f3re przecie\u017c jest r\u00f3wnie\u017c sakramentem, drog\u0105 do \u015bwi\u0119to\u015bci i stanowi tak\u017ce jedn\u0105 z form budowania Ko\u015bcio\u0142a.<br \/>Sta\u0142a praktyka Ko\u015bcio\u0142a nieudzielania \u015bwi\u0119ce\u0144 kap\u0142a\u0144skich kobietom nie wynika z pogardy dla nich ani z przekonania, \u017ce s\u0105 gorsze od m\u0119\u017cczyzn. G\u0142\u00f3wnym argumentem przemawiaj\u0105cym za podobn\u0105 praktyk\u0105 jest to, \u017ce Chrystus nie powo\u0142a\u0142 \u017cadnej kobiety do grona aposto\u0142\u00f3w. Jezus nie zrobi\u0142 tego, chocia\u017c wcale nie gardzi\u0142 niewiastami, i w wielu wypadkach, ku wielkiemu zgorszeniu otoczenia, traktowa\u0142 je inaczej ni\u017c wymaga\u0142y tego utarte formy kulturowe, zwyczaje i uprzedzenia. I tak np. Jezus rozmawia\u0142 z Samarytank\u0105, co nawet j\u0105 sam\u0105 zdziwi\u0142o, gdy\u017c \u017caden \u017byd nie zdoby\u0142by si\u0119 na co\u015b podobnego (por. J 4,7-9.27); pozwoli\u0142 kobiecie, prowadz\u0105cej w mie\u015bcie grzeszne \u017cycie, oblewa\u0107 \u0142zami swoje stopy, wyciera\u0107 je w\u0142osami, ca\u0142owa\u0107 i namaszcza\u0107 olejkiem, co wywo\u0142a\u0142o oburzenie otoczenia (por. \u0141k 7,36-50); godzi\u0142 si\u0119 na to, by kobiety chodzi\u0142y z Nim i aposto\u0142ami i pomaga\u0142y im (por. \u0141k 8,1-3); potrafi\u0142 da\u0107 za wz\u00f3r do na\u015bladowania kobiet\u0119, ubog\u0105 wdow\u0119 (por. \u0141k 21,1-4). A jednak, pomimo szacunku do kobiet, pomimo tego, \u017ce Jezus nimi nie gardzi\u0142, \u017ce potrafi\u0142 prze\u0142amywa\u0107 r\u00f3\u017cne uprzedzenia i zwyczaje wynikaj\u0105ce z kultury Wschodu, nie powo\u0142a\u0142 \u017cadnej niewiasty do grona aposto\u0142\u00f3w. Z tego te\u017c wzgl\u0119du Ko\u015bci\u00f3\u0142 nie udziela kobietom \u015bwi\u0119ce\u0144 kap\u0142a\u0144skich, chocia\u017c przypomina im o konieczno\u015bci aktywnego aposto\u0142owania, wynikaj\u0105cego z przyj\u0119cia sakramentu chrztu i bierzmowania, z udzia\u0142u w tzw. powszechnym kap\u0142a\u0144stwie ludu Bo\u017cego.<br \/><em><strong>W ka\u017cdy pierwszy czwartek miesi\u0105ca zapraszamy do wsp\u00f3lnej modlitwy o powo\u0142ania kap\u0142a\u0144skie, zakonne i misyjne. W spos\u00f3b szczeg\u00f3lny polecamy t\u0119 intencj\u0119 podczas Mszy \u015bw. o godz. 18.30.<\/strong><\/em><\/p>\t\t\t\t\t\t\t\t<\/div>\n\t\t\t\t\t<\/div>\n\t\t\t\t<\/div>\n\t\t<div class=\"elementor-element elementor-element-7fdd85e e-flex e-con-boxed e-con e-parent\" data-id=\"7fdd85e\" data-element_type=\"container\" data-e-type=\"container\">\n\t\t\t\t\t<div class=\"e-con-inner\">\n\t\t\t\t<div class=\"elementor-element elementor-element-74420b4 elementor-widget elementor-widget-spacer\" data-id=\"74420b4\" data-element_type=\"widget\" data-e-type=\"widget\" data-widget_type=\"spacer.default\">\n\t\t\t\t\t\t\t<div class=\"elementor-spacer\">\n\t\t\t<div class=\"elementor-spacer-inner\"><\/div>\n\t\t<\/div>\n\t\t\t\t\t\t<\/div>\n\t\t\t\t\t<\/div>\n\t\t\t\t<\/div>\n\t\t\t\t<\/div>\n\t\t","protected":false},"excerpt":{"rendered":"<p>Kap\u0142a\u0144stwo Sakrament \u015bwi\u0119ce\u0144 jest sakramentem, dzi\u0119ki kt\u00f3remu pos\u0142anie, powierzone przez Chrystusa Aposto\u0142om, nadal jest spe\u0142niane w Ko\u015bciele a\u017c do ko\u0144ca czas\u00f3w. Jest to wi\u0119c sakrament pos\u0142ugi apostolskiej. Obejmuje on trzy stopnie: episkopat, prezbiterat i diakonat.\u00a0(KKK 1536) Zbawiciel wybra\u0142 dwunastu najbli\u017cszych swoich wsp\u00f3\u0142pracownik\u00f3w \u2013 aposto\u0142\u00f3w, kt\u00f3rym, zleci\u0142 dzie\u0142o przekszta\u0142cania \u015bwiata w kr\u00f3lestwo Bo\u017ce, wyzwolone z mocy [&hellip;]<\/p>\n","protected":false},"author":1,"featured_media":0,"parent":14,"menu_order":0,"comment_status":"closed","ping_status":"closed","template":"","meta":{"footnotes":""},"class_list":["post-49","page","type-page","status-publish","hentry"],"_links":{"self":[{"href":"https:\/\/mbnp.fastllama.pl\/index.php?rest_route=\/wp\/v2\/pages\/49","targetHints":{"allow":["GET"]}}],"collection":[{"href":"https:\/\/mbnp.fastllama.pl\/index.php?rest_route=\/wp\/v2\/pages"}],"about":[{"href":"https:\/\/mbnp.fastllama.pl\/index.php?rest_route=\/wp\/v2\/types\/page"}],"author":[{"embeddable":true,"href":"https:\/\/mbnp.fastllama.pl\/index.php?rest_route=\/wp\/v2\/users\/1"}],"replies":[{"embeddable":true,"href":"https:\/\/mbnp.fastllama.pl\/index.php?rest_route=%2Fwp%2Fv2%2Fcomments&post=49"}],"version-history":[{"count":4,"href":"https:\/\/mbnp.fastllama.pl\/index.php?rest_route=\/wp\/v2\/pages\/49\/revisions"}],"predecessor-version":[{"id":8787,"href":"https:\/\/mbnp.fastllama.pl\/index.php?rest_route=\/wp\/v2\/pages\/49\/revisions\/8787"}],"up":[{"embeddable":true,"href":"https:\/\/mbnp.fastllama.pl\/index.php?rest_route=\/wp\/v2\/pages\/14"}],"wp:attachment":[{"href":"https:\/\/mbnp.fastllama.pl\/index.php?rest_route=%2Fwp%2Fv2%2Fmedia&parent=49"}],"curies":[{"name":"wp","href":"https:\/\/api.w.org\/{rel}","templated":true}]}}