{"id":45,"date":"2026-02-13T15:22:24","date_gmt":"2026-02-13T14:22:24","guid":{"rendered":"https:\/\/mbnp.fastllama.pl\/?page_id=45"},"modified":"2026-03-19T10:14:36","modified_gmt":"2026-03-19T09:14:36","slug":"eucharystia","status":"publish","type":"page","link":"https:\/\/mbnp.fastllama.pl\/?page_id=45","title":{"rendered":"Eucharystia"},"content":{"rendered":"\t\t<div data-elementor-type=\"wp-page\" data-elementor-id=\"45\" class=\"elementor elementor-45\">\n\t\t\t\t<div class=\"elementor-element elementor-element-d4800a0 e-flex e-con-boxed e-con e-parent\" data-id=\"d4800a0\" data-element_type=\"container\" data-e-type=\"container\">\n\t\t\t\t\t<div class=\"e-con-inner\">\n\t\t\t\t<div class=\"elementor-element elementor-element-66eaeaa elementor-widget elementor-widget-spacer\" data-id=\"66eaeaa\" data-element_type=\"widget\" data-e-type=\"widget\" data-widget_type=\"spacer.default\">\n\t\t\t\t\t\t\t<div class=\"elementor-spacer\">\n\t\t\t<div class=\"elementor-spacer-inner\"><\/div>\n\t\t<\/div>\n\t\t\t\t\t\t<\/div>\n\t\t\t\t\t<\/div>\n\t\t\t\t<\/div>\n\t\t<div class=\"elementor-element elementor-element-fabdbde e-flex e-con-boxed e-con e-parent\" data-id=\"fabdbde\" data-element_type=\"container\" data-e-type=\"container\">\n\t\t\t\t\t<div class=\"e-con-inner\">\n\t\t\t\t<div class=\"elementor-element elementor-element-e2ccec8 elementor-widget elementor-widget-heading\" data-id=\"e2ccec8\" data-element_type=\"widget\" data-e-type=\"widget\" data-widget_type=\"heading.default\">\n\t\t\t\t\t<h2 class=\"elementor-heading-title elementor-size-default\">Eucharystia<\/h2>\t\t\t\t<\/div>\n\t\t\t\t\t<\/div>\n\t\t\t\t<\/div>\n\t\t<div class=\"elementor-element elementor-element-0352d9a e-flex e-con-boxed e-con e-parent\" data-id=\"0352d9a\" data-element_type=\"container\" data-e-type=\"container\">\n\t\t\t\t\t<div class=\"e-con-inner\">\n\t\t\t\t<div class=\"elementor-element elementor-element-0c7e176 elementor-widget elementor-widget-text-editor\" data-id=\"0c7e176\" data-element_type=\"widget\" data-e-type=\"widget\" data-widget_type=\"text-editor.default\">\n\t\t\t\t\t\t\t\t\t<p>Naj\u015bwi\u0119tsza Eucharystia dope\u0142nia wtajemniczenie chrze\u015bcija\u0144skie. Ci, kt\u00f3rzy przez chrzest zostali wyniesieni do godno\u015bci kr\u00f3lewskiego kap\u0142a\u0144stwa, a przez bierzmowanie zostali g\u0142\u0119biej upodobnieni do Chrystusa, za po\u015brednictwem Eucharystii uczestnicz\u0105 razem z ca\u0142\u0105 wsp\u00f3lnot\u0105 w ofierze Pana. (KKK 1322)<\/p><p>Pan Jezus tej nocy, kiedy zosta\u0142 wydany, wzi\u0105\u0142 chleb i dzi\u0119ki uczyniwszy po\u0142ama\u0142 i rzek\u0142: \u201eTo jest Cia\u0142o moje za was [wydane]. Czy\u0144cie to na moj\u0105 pami\u0105tk\u0119\u201d. Podobnie, sko\u0144czywszy wieczerz\u0119, wzi\u0105\u0142 kielich, m\u00f3wi\u0105c: \u201eTen kielich jest Nowym Przymierzem we Krwi mojej. Czy\u0144cie to, ile razy pi\u0107 b\u0119dziecie, na moj\u0105 pami\u0105tk\u0119\u201d 1 Kor 11,23-25<br \/>Ustanowienie przez Chrystusa Naj\u015bwi\u0119tszego Sakramentu mia\u0142o miejsce w Wielki Czwartek, w czasie Ostatniej Wieczerzy. Wspomina o tym \u015bw. Pawe\u0142, a tak\u017ce \u015bw. Mateusz, Marek i \u0141ukasz. Ten ostatni zaznacza, jak bardzo Chrystus pragn\u0105\u0142 uczestniczy\u0107 w uczcie paschalnej, aby ustanowi\u0107 sakrament swojej obecno\u015bci, sprawiaj\u0105cy nasze najg\u0142\u0119bsze zjednoczenie z Nim. Powiedzia\u0142 do aposto\u0142\u00f3w: \u201eGor\u0105co pragn\u0105\u0142em spo\u017cy\u0107 t\u0119 Pasch\u0119 z wami, zanim b\u0119d\u0119 cierpia\u0142\u201d (\u0141k 22,15).<br \/>Pod postaciami chleba i wina obecny jest w najprawdziwszy spos\u00f3b sam nasz Zbawiciel, Jezus Chrystus. Jest On obecny, jak uczy Ko\u015bci\u00f3\u0142, \u201eprawdziwie, rzeczywi\u015bcie i substancjalnie\u201d. (Por. Sob\u00f3r Trydencki: DS 1651; KKK 1374).<br \/>Ko\u015bci\u00f3\u0142 pos\u0142uguje si\u0119 r\u00f3\u017cnymi symbolami przypominaj\u0105cymi Jezusa Chrystusa, do kt\u00f3rych mo\u017cna zaliczy\u0107 obrazy, ikony, figury, a tak\u017ce krzy\u017c. W tych wizerunkach Chrystus nie jest jednak realnie obecny, tak jak w Eucharystii. Wizerunki Chrystusa s\u0105 tylko symbolami, znakami m\u00f3wi\u0105cymi nam o Nim, o wydarzeniach z Jego \u017cycia, o Jego \u015bmierci itp. w zale\u017cno\u015bci od tego, co nam przedstawiaj\u0105. Eucharystii jednak nie mo\u017cna rozumie\u0107 jako symbolu. Trzy okre\u015blenia u\u017cywane przez Ko\u015bci\u00f3\u0142: \u201eprawdziwie, rzeczywi\u015bcie i substancjalnie\u201d (por. KKK 1374), podkre\u015blaj\u0105 realno\u015b\u0107 obecno\u015bci naszego Zbawiciela. To, co nazywamy nieraz chlebem i winem konsekrowanym, nie jest tylko symbolem, kt\u00f3ry przypomina nam o Chrystusie, lecz zas\u0142on\u0105 zakrywaj\u0105c\u0105 Zbawiciela, obecnego po\u015br\u00f3d nas w absolutnie realny spos\u00f3b.<br \/>Konsekrowana hostia i konsekrowane wino nie jest hosti\u0105 ani winem, lecz Cia\u0142em i Krwi\u0105 Chrystusa. Przypomina nam t\u0119 tajemnicz\u0105 prawd\u0119 okre\u015blenie: obecno\u015b\u0107 \u201esubstancjalna\u201d (por. KKK 1374). Istniej\u0105 zatem tylko widoczne dla nas postacie chleba i wina, substancjalnie jednak pod tymi znakami jest obecny ca\u0142y Jezus Chrystus, B\u00f3g i cz\u0142owiek zmartwychwsta\u0142y. Ca\u0142y jest obecny i pod postaciami chleba, i pod postaciami wina. Inaczej m\u00f3wi\u0105c, w Eucharystii spotykamy si\u0119 nie tylko z samym dzia\u0142aniem Zbawiciela lub ze skutkami tego dzia\u0142ania, lecz z Nim samym. obecnym substancjalnie z natur\u0105 ludzk\u0105 i Bosk\u0105.<br \/>Swoj\u0105 wiar\u0119 w prawdziw\u0105, rzeczywist\u0105 i substancjaln\u0105 obecno\u015b\u0107 Chrystusa w Eucharystii Ko\u015bci\u00f3\u0142 opiera przede wszystkim na Jego s\u0142owach, wypowiedzianych w czasie ustanowienia tego sakramentu. Jezus nie powiedzia\u0142 o chlebie: \u201eoto symbol, oto przypomnienie mojej obecno\u015bci\u201d, lecz: \u201eBierzcie i jedzcie, to jest Cia\u0142o moje.\u201d (Mt 26,26). Aby nie by\u0142o w\u0105tpliwo\u015bci, o jakie Cia\u0142o chodzi, \u015bw. \u0141ukasz u\u015bci\u015bli: \u201eTo jest Cia\u0142o moje, kt\u00f3re za was b\u0119dzie wydane\u201d (\u0141k 22,19). Nie chodzi zatem o jakie\u015b pozorne cia\u0142o ani o jego symbol, lecz o to Cia\u0142o, kt\u00f3re za kilka godzin po ustanowieniu Eucharystii mia\u0142o by\u0107 wydane na \u015bmier\u0107. Podobnie o prawdziwej swojej Krwi \u2013 a wi\u0119c o tej, kt\u00f3r\u0105 przela\u0142 w nied\u0142ugim czasie po ustanowieniu Eucharystii \u2013 m\u00f3wi Chrystus: \u201eto jest moja Krew Przymierza, kt\u00f3ra za wielu b\u0119dzie wylana na odpuszczenie grzech\u00f3w.\u201d (Mt 26,28).<br \/>Nie mia\u0142 na my\u015bli \u017cadnego symbolicznego swojego Cia\u0142a czy symbolicznej Krwi Chrystus, kiedy zapowiedzia\u0142 ustanowienie przedziwnego Sakramentu swojej obecno\u015bci. Powiedzia\u0142: \u201eCia\u0142o moje jest prawdziwym pokarmem, a Krew moja jest prawdziwym napojem.\u201d (J 6,55). S\u0142uchacze nie mogli inaczej, jak tylko w sensie \u015bcis\u0142ym zrozumie\u0107 t\u0119 nauk\u0119, dlatego, jak m\u00f3wi \u015bw. Jan, sprzeczali si\u0119 mi\u0119dzy sob\u0105, m\u00f3wi\u0105c: \u201eJak On mo\u017ce nam da\u0107 (swoje) cia\u0142o do spo\u017cycia?\u201d (J 6,52). Jezus, Nauczyciel Prawdy, nie da\u0142 \u017cadnych dodatkowych wyja\u015bnie\u0144, aby rozwia\u0107 ewentualne pomy\u0142ki lub mylne rozumienie Jego s\u0142\u00f3w. Nie udzieli\u0142 ich nawet swoim wybranym uczniom, kt\u00f3rym zwykle wyja\u015bnia\u0142 na osobno\u015bci niezrozumia\u0142e przypowie\u015bci (por. \u0141k 8,9). Zamiast wyja\u015bnienia us\u0142yszeli s\u0142owa: \u201eCzy\u017c i wy chcecie odej\u015b\u0107?\u201d (J 6,67). Jezus da\u0142 im przez to do zrozumienia, \u017ce dobrze poj\u0119li Jego nauk\u0119 ci, kt\u00f3rzy odeszli, bo faktycznie nie m\u00f3wi\u0142 o symbolicznym, lecz o realnym i prawdziwym swoim Ciele i Krwi \u2013 pokarmie eucharystycznym.<br \/>W naszej parafii przygotowanie do sakramentu Eucharystii prowadzone jest podczas katechizacji szkolnej i rozpoczyna si\u0119 w II klasie szko\u0142y podstawowej. Dzieci przygotowuj\u0105ce si\u0119 do Pierwszej Komunii \u015awi\u0119tej zapraszamy na specjaln\u0105 Msze \u015bw. o godz. 10.30. Dzieci przygotowuj\u0105ce si\u0119 do Pierwszej Komunii \u015awi\u0119tej, jak i te, kt\u00f3re w zesz\u0142ym roku przyj\u0119\u0142y Jezusa po raz pierwszy do swojego serca, zapraszamy do szczeg\u00f3lnego uczestnictwa r\u00f3wnie\u017c w nabo\u017ce\u0144stwie R\u00f3\u017ca\u0144cowym (w pa\u017adzierniku), Roratach (w Adwencie) i Drodze Krzy\u017cowej (w Wielkim Po\u015bcie). Podczas spotka\u0144 z rodzicami przekazujemy informacje o ostatnim etapie przygotowania. Zawiera ono pr\u00f3b\u0119 sakramentu spowiedzi, przygotowanie oprawy liturgicznej, jak i pr\u00f3by \u015bpiewu.<\/p>\t\t\t\t\t\t\t\t<\/div>\n\t\t\t\t\t<\/div>\n\t\t\t\t<\/div>\n\t\t<div class=\"elementor-element elementor-element-7e9e679 e-flex e-con-boxed e-con e-parent\" data-id=\"7e9e679\" data-element_type=\"container\" data-e-type=\"container\">\n\t\t\t\t\t<div class=\"e-con-inner\">\n\t\t\t\t<div class=\"elementor-element elementor-element-14b440d elementor-widget elementor-widget-spacer\" data-id=\"14b440d\" data-element_type=\"widget\" data-e-type=\"widget\" data-widget_type=\"spacer.default\">\n\t\t\t\t\t\t\t<div class=\"elementor-spacer\">\n\t\t\t<div class=\"elementor-spacer-inner\"><\/div>\n\t\t<\/div>\n\t\t\t\t\t\t<\/div>\n\t\t\t\t\t<\/div>\n\t\t\t\t<\/div>\n\t\t\t\t<\/div>\n\t\t","protected":false},"excerpt":{"rendered":"<p>Eucharystia Naj\u015bwi\u0119tsza Eucharystia dope\u0142nia wtajemniczenie chrze\u015bcija\u0144skie. Ci, kt\u00f3rzy przez chrzest zostali wyniesieni do godno\u015bci kr\u00f3lewskiego kap\u0142a\u0144stwa, a przez bierzmowanie zostali g\u0142\u0119biej upodobnieni do Chrystusa, za po\u015brednictwem Eucharystii uczestnicz\u0105 razem z ca\u0142\u0105 wsp\u00f3lnot\u0105 w ofierze Pana. (KKK 1322) Pan Jezus tej nocy, kiedy zosta\u0142 wydany, wzi\u0105\u0142 chleb i dzi\u0119ki uczyniwszy po\u0142ama\u0142 i rzek\u0142: \u201eTo jest Cia\u0142o [&hellip;]<\/p>\n","protected":false},"author":1,"featured_media":0,"parent":14,"menu_order":0,"comment_status":"closed","ping_status":"closed","template":"","meta":{"footnotes":""},"class_list":["post-45","page","type-page","status-publish","hentry"],"_links":{"self":[{"href":"https:\/\/mbnp.fastllama.pl\/index.php?rest_route=\/wp\/v2\/pages\/45","targetHints":{"allow":["GET"]}}],"collection":[{"href":"https:\/\/mbnp.fastllama.pl\/index.php?rest_route=\/wp\/v2\/pages"}],"about":[{"href":"https:\/\/mbnp.fastllama.pl\/index.php?rest_route=\/wp\/v2\/types\/page"}],"author":[{"embeddable":true,"href":"https:\/\/mbnp.fastllama.pl\/index.php?rest_route=\/wp\/v2\/users\/1"}],"replies":[{"embeddable":true,"href":"https:\/\/mbnp.fastllama.pl\/index.php?rest_route=%2Fwp%2Fv2%2Fcomments&post=45"}],"version-history":[{"count":7,"href":"https:\/\/mbnp.fastllama.pl\/index.php?rest_route=\/wp\/v2\/pages\/45\/revisions"}],"predecessor-version":[{"id":8778,"href":"https:\/\/mbnp.fastllama.pl\/index.php?rest_route=\/wp\/v2\/pages\/45\/revisions\/8778"}],"up":[{"embeddable":true,"href":"https:\/\/mbnp.fastllama.pl\/index.php?rest_route=\/wp\/v2\/pages\/14"}],"wp:attachment":[{"href":"https:\/\/mbnp.fastllama.pl\/index.php?rest_route=%2Fwp%2Fv2%2Fmedia&parent=45"}],"curies":[{"name":"wp","href":"https:\/\/api.w.org\/{rel}","templated":true}]}}