{"id":44,"date":"2026-02-13T15:21:00","date_gmt":"2026-02-13T14:21:00","guid":{"rendered":"https:\/\/mbnp.fastllama.pl\/?page_id=44"},"modified":"2026-03-19T10:12:55","modified_gmt":"2026-03-19T09:12:55","slug":"bierzmowanie","status":"publish","type":"page","link":"https:\/\/mbnp.fastllama.pl\/?page_id=44","title":{"rendered":"Bierzmowanie"},"content":{"rendered":"\t\t<div data-elementor-type=\"wp-page\" data-elementor-id=\"44\" class=\"elementor elementor-44\">\n\t\t\t\t<div class=\"elementor-element elementor-element-ce2ea57 e-flex e-con-boxed e-con e-parent\" data-id=\"ce2ea57\" data-element_type=\"container\" data-e-type=\"container\">\n\t\t\t\t\t<div class=\"e-con-inner\">\n\t\t\t\t<div class=\"elementor-element elementor-element-c3cb405 elementor-widget elementor-widget-spacer\" data-id=\"c3cb405\" data-element_type=\"widget\" data-e-type=\"widget\" data-widget_type=\"spacer.default\">\n\t\t\t\t\t\t\t<div class=\"elementor-spacer\">\n\t\t\t<div class=\"elementor-spacer-inner\"><\/div>\n\t\t<\/div>\n\t\t\t\t\t\t<\/div>\n\t\t\t\t\t<\/div>\n\t\t\t\t<\/div>\n\t\t<div class=\"elementor-element elementor-element-3de8df0 e-flex e-con-boxed e-con e-parent\" data-id=\"3de8df0\" data-element_type=\"container\" data-e-type=\"container\">\n\t\t\t\t\t<div class=\"e-con-inner\">\n\t\t\t\t<div class=\"elementor-element elementor-element-429f3ca elementor-widget elementor-widget-heading\" data-id=\"429f3ca\" data-element_type=\"widget\" data-e-type=\"widget\" data-widget_type=\"heading.default\">\n\t\t\t\t\t<h2 class=\"elementor-heading-title elementor-size-default\">Bierzmowanie<\/h2>\t\t\t\t<\/div>\n\t\t\t\t<div class=\"elementor-element elementor-element-255b080 elementor-widget elementor-widget-text-editor\" data-id=\"255b080\" data-element_type=\"widget\" data-e-type=\"widget\" data-widget_type=\"text-editor.default\">\n\t\t\t\t\t\t\t\t\t<p>Sakrament bierzmowania wraz z chrztem i Eucharysti\u0105 nale\u017cy do \u201esakrament\u00f3w wtajemniczenia chrze\u015bcija\u0144skiego\u201d, kt\u00f3rego jedno\u015b\u0107 powinna by\u0107 zachowywana. Nale\u017cy zatem wyja\u015bnia\u0107 wiernym, \u017ce przyj\u0119cie tego sakramentu jest konieczne jako dope\u0142nienie \u0142aski chrztu. Istotnie, \u201eprzez sakrament bierzmowania (ochrzczeni) jeszcze \u015bci\u015blej wi\u0105\u017c\u0105 si\u0119 z Ko\u015bcio\u0142em, otrzymuj\u0105 szczeg\u00f3ln\u0105 moc Ducha \u015awi\u0119tego i w ten spos\u00f3b jeszcze mocniej zobowi\u0105zani s\u0105, jako prawdziwi \u015bwiadkowie Chrystusa, do szerzenia wiary s\u0142owem i uczynkiem oraz do bronienia jej\u201d.\u00a0(KKK 1285)<\/p><p>\u201eDuch \u015bwi\u0119ty, kt\u00f3rego Ojciec po\u015ble w Moim imieniu, On was wszystkiego nauczy i przypomni wam wszystko, co wam powiedzia\u0142em\u201d J 14,26<br \/>Bierzmowanie jest kolejnym sakramentem inicjacji chrze\u015bcija\u0144skiej. Chrze\u015bcijanin odrodzony przez chrzest, zostaje przez bierzmowanie umocniony, a w Eucharystii otrzymuje pokarm nadprzyrodzony. Bierzmowany zostaje \u015bci\u015ble zwi\u0105zany z Ko\u015bcio\u0142em, bierze czynny udzia\u0142 w jego zbawczej misji.<br \/>Sakrament bierzmowania wyciska niezniszczalny charakter, znami\u0119, piecz\u0119\u0107 duchow\u0105, kt\u00f3ra bardziej upodabnia do Chrystusa. Jako sakrament dojrza\u0142o\u015bci duchowej daje szczeg\u00f3ln\u0105 si\u0142\u0119 do wytrwania w powo\u0142aniu chrze\u015bcija\u0144skim i apostolskim; nak\u0142ada na chrze\u015bcijanina obowi\u0105zek m\u0119\u017cnego wyznawania wiary i troski o zbawienie \u015bwiata. Bierzmowany wchodzi w osobisty kontakt z Duchem \u015awi\u0119tym, kt\u00f3ry wzmaga i rozwija siedem swoich dar\u00f3w udzielanych jakby zarodkowo na chrzcie \u015bwi\u0119tym.<br \/>Udzielany nam przez zmartwychwsta\u0142ego Chrystusa w sakramencie bierzmowania Duch \u015awi\u0119ty, nie tylko u\u015bwi\u0119ca nas wewn\u0119trznie, ale ponadto nape\u0142nia moc\u0105, aby\u015bmy \u2013 jak pierwsi uczniowie Jezusa \u2013 dzia\u0142ali apostolsko w \u015bwiecie, przyczyniaj\u0105c si\u0119 do rozszerzania Ko\u015bcio\u0142a. Aposto\u0142owie Chrystusa, nape\u0142nieni Jego Duchem, z wielk\u0105 odwag\u0105 g\u0142osili Ewangeli\u0119, nie zwa\u017caj\u0105c na gro\u017c\u0105ce im niebezpiecze\u0144stwa, wi\u0119zienie, kary, ch\u0142ost\u0119, a nawet \u015bmier\u0107. Duch \u015awi\u0119ty pomaga przezwyci\u0119\u017cy\u0107 uczucie strachu i szerzy\u0107 z odwag\u0105 nauk\u0119 Chrystusa. Swej mocy udziela On nam w sakramencie chrztu, a przede wszystkim \u2013 w sakramencie bierzmowania. Otrzymanej od Ducha Chrystusowego mocy nikt nie powinien w sobie t\u0142umi\u0107. Kiedy mamy wype\u0142ni\u0107 jakie\u015b wa\u017cne zadanie, powinni\u015bmy prosi\u0107 Ducha \u015awi\u0119tego o pomoc, o si\u0142\u0119 i odwag\u0119.<\/p><p>1. Kandydat do bierzmowania powinien by\u0107 ochrzczony i znajdowa\u0107 si\u0119 w stanie \u0142aski u\u015bwi\u0119caj\u0105cej.<br \/>2. Poszczeg\u00f3lnym bierzmowanym towarzyszy \u015bwiadek, kt\u00f3ry pomaga we wzrastaniu w wierze. Ze wzgl\u0119du na \u0142\u0105czno\u015b\u0107 tego sakramentu z chrztem \u015bw. dobrze jest, gdy \u015bwiadkiem jest kt\u00f3ry\u015b z rodzic\u00f3w chrzestnych.<br \/>3. \u015awiadkiem mo\u017ce by\u0107 tak\u017ce inna osoba, kt\u00f3ra sama przyj\u0119\u0142a ju\u017c sakramenty wtajemniczenia chrze\u015bcija\u0144skiego i jest osob\u0105 praktykuj\u0105c\u0105.<\/p><p>W naszej parafii przygotowanie do sakramentu bierzmowania trwa trzy lata. Obejmuje ono trzy klasy gimnazjum. Trzyletni okres przygotowania podzielony jest na wz\u00f3r katechumenatu na trzy etapy, ko\u0144cz\u0105ce si\u0119 obrz\u0119dami wprowadzaj\u0105cymi w kolejne etapy wtajemniczenia chrze\u015bcija\u0144skiego. Etap pierwszy ma na celu doprowadzenie m\u0142odego cz\u0142owieka do do\u015bwiadczenia Pana Boga i Jego mi\u0142o\u015bci, wyznanie Jezusa Chrystusa jako Pana i Zbawiciela oraz podj\u0119cie drogi nawr\u00f3cenia we wsp\u00f3lnocie Ko\u015bcio\u0142a. Zwie\u0144czeniem tego etapu jest obrz\u0119d wprowadzenia do wsp\u00f3lnoty. Etap drugi ma za zadanie pog\u0142\u0119bienie \u017cycia Bo\u017cego w m\u0142odym cz\u0142owieku poprzez pe\u0142niejsze wej\u015bcie w modlitw\u0119 i sakramenty. Ko\u0144czy go obrz\u0119d przyj\u0119cia kandydat\u00f3w do bierzmowania. Etap trzeci to przede wszystkim wprowadzenie do odpowiedzialno\u015bci za Ko\u015bci\u00f3\u0142 i szeroko rozumianego apostolstwa. Prowadzi on do udzielenia sakramentu bierzmowania.<br \/>Zach\u0119ceni s\u0142owami uczniowie zg\u0142aszaj\u0105 si\u0119 do duszpasterza prowadz\u0105cego przygotowanie do bierzmowania do po\u0142owy wrze\u015bnia. Wszystkich kandydat\u00f3w dzieli si\u0119 na kilkuosobowe grupy. Spotkania odbywaj\u0105 si\u0119 w gruncie rzeczy raz w miesi\u0105cu. Dok\u0142adny terminarz spotka\u0144 jest og\u0142aszany wcze\u015bniej w gablocie parafialnej i <a href=\"http:\/\/redemptorysci.krakow.pl\/?page_id=123\">tutaj<\/a>. Opr\u00f3cz tych spotka\u0144 kandydat\u00f3w do bierzmowania zapraszamy na czuwania dla m\u0142odzie\u017cy, jak i na r\u00f3\u017cne celebracje liturgiczne, powi\u0105zane z odpowiednimi obrz\u0119dami. Spotkania odbywaj\u0105 si\u0119 w salce akademickiej \u2013 wej\u015bcie przez furt\u0119 klasztorn\u0105.<\/p><p>Przygotowanie do bierzmowania dla doros\u0142ych prowadz\u0105 Siostry Jadwi\u017canki. Wi\u0119cej informacji znajdziesz tutaj:\u00a0<a href=\"http:\/\/www.katechumenat.pl\/\">http:\/\/www.katechumenat.pl\/<\/a><\/p>\t\t\t\t\t\t\t\t<\/div>\n\t\t\t\t\t<\/div>\n\t\t\t\t<\/div>\n\t\t<div class=\"elementor-element elementor-element-cb7a40f e-flex e-con-boxed e-con e-parent\" data-id=\"cb7a40f\" data-element_type=\"container\" data-e-type=\"container\">\n\t\t\t\t\t<div class=\"e-con-inner\">\n\t\t\t\t<div class=\"elementor-element elementor-element-fa3f56b elementor-widget elementor-widget-spacer\" data-id=\"fa3f56b\" data-element_type=\"widget\" data-e-type=\"widget\" data-widget_type=\"spacer.default\">\n\t\t\t\t\t\t\t<div class=\"elementor-spacer\">\n\t\t\t<div class=\"elementor-spacer-inner\"><\/div>\n\t\t<\/div>\n\t\t\t\t\t\t<\/div>\n\t\t\t\t\t<\/div>\n\t\t\t\t<\/div>\n\t\t\t\t<\/div>\n\t\t","protected":false},"excerpt":{"rendered":"<p>Bierzmowanie Sakrament bierzmowania wraz z chrztem i Eucharysti\u0105 nale\u017cy do \u201esakrament\u00f3w wtajemniczenia chrze\u015bcija\u0144skiego\u201d, kt\u00f3rego jedno\u015b\u0107 powinna by\u0107 zachowywana. Nale\u017cy zatem wyja\u015bnia\u0107 wiernym, \u017ce przyj\u0119cie tego sakramentu jest konieczne jako dope\u0142nienie \u0142aski chrztu. Istotnie, \u201eprzez sakrament bierzmowania (ochrzczeni) jeszcze \u015bci\u015blej wi\u0105\u017c\u0105 si\u0119 z Ko\u015bcio\u0142em, otrzymuj\u0105 szczeg\u00f3ln\u0105 moc Ducha \u015awi\u0119tego i w ten spos\u00f3b jeszcze mocniej zobowi\u0105zani [&hellip;]<\/p>\n","protected":false},"author":1,"featured_media":0,"parent":14,"menu_order":0,"comment_status":"closed","ping_status":"closed","template":"","meta":{"footnotes":""},"class_list":["post-44","page","type-page","status-publish","hentry"],"_links":{"self":[{"href":"https:\/\/mbnp.fastllama.pl\/index.php?rest_route=\/wp\/v2\/pages\/44","targetHints":{"allow":["GET"]}}],"collection":[{"href":"https:\/\/mbnp.fastllama.pl\/index.php?rest_route=\/wp\/v2\/pages"}],"about":[{"href":"https:\/\/mbnp.fastllama.pl\/index.php?rest_route=\/wp\/v2\/types\/page"}],"author":[{"embeddable":true,"href":"https:\/\/mbnp.fastllama.pl\/index.php?rest_route=\/wp\/v2\/users\/1"}],"replies":[{"embeddable":true,"href":"https:\/\/mbnp.fastllama.pl\/index.php?rest_route=%2Fwp%2Fv2%2Fcomments&post=44"}],"version-history":[{"count":4,"href":"https:\/\/mbnp.fastllama.pl\/index.php?rest_route=\/wp\/v2\/pages\/44\/revisions"}],"predecessor-version":[{"id":8772,"href":"https:\/\/mbnp.fastllama.pl\/index.php?rest_route=\/wp\/v2\/pages\/44\/revisions\/8772"}],"up":[{"embeddable":true,"href":"https:\/\/mbnp.fastllama.pl\/index.php?rest_route=\/wp\/v2\/pages\/14"}],"wp:attachment":[{"href":"https:\/\/mbnp.fastllama.pl\/index.php?rest_route=%2Fwp%2Fv2%2Fmedia&parent=44"}],"curies":[{"name":"wp","href":"https:\/\/api.w.org\/{rel}","templated":true}]}}