{"id":43,"date":"2026-02-13T15:21:00","date_gmt":"2026-02-13T14:21:00","guid":{"rendered":"https:\/\/mbnp.fastllama.pl\/?page_id=43"},"modified":"2026-03-19T10:11:49","modified_gmt":"2026-03-19T09:11:49","slug":"chrzest","status":"publish","type":"page","link":"https:\/\/mbnp.fastllama.pl\/?page_id=43","title":{"rendered":"Chrzest"},"content":{"rendered":"\t\t<div data-elementor-type=\"wp-page\" data-elementor-id=\"43\" class=\"elementor elementor-43\">\n\t\t\t\t<div class=\"elementor-element elementor-element-6ebb970 e-flex e-con-boxed e-con e-parent\" data-id=\"6ebb970\" data-element_type=\"container\" data-e-type=\"container\">\n\t\t\t\t\t<div class=\"e-con-inner\">\n\t\t\t\t<div class=\"elementor-element elementor-element-c43d1c9 elementor-widget elementor-widget-spacer\" data-id=\"c43d1c9\" data-element_type=\"widget\" data-e-type=\"widget\" data-widget_type=\"spacer.default\">\n\t\t\t\t\t\t\t<div class=\"elementor-spacer\">\n\t\t\t<div class=\"elementor-spacer-inner\"><\/div>\n\t\t<\/div>\n\t\t\t\t\t\t<\/div>\n\t\t\t\t\t<\/div>\n\t\t\t\t<\/div>\n\t\t<div class=\"elementor-element elementor-element-96d1842 e-flex e-con-boxed e-con e-parent\" data-id=\"96d1842\" data-element_type=\"container\" data-e-type=\"container\">\n\t\t\t\t\t<div class=\"e-con-inner\">\n\t\t\t\t<div class=\"elementor-element elementor-element-0b72472 elementor-widget elementor-widget-heading\" data-id=\"0b72472\" data-element_type=\"widget\" data-e-type=\"widget\" data-widget_type=\"heading.default\">\n\t\t\t\t\t<h2 class=\"elementor-heading-title elementor-size-default\">Chrzest<\/h2>\t\t\t\t<\/div>\n\t\t\t\t\t<\/div>\n\t\t\t\t<\/div>\n\t\t<div class=\"elementor-element elementor-element-7c8f897 e-flex e-con-boxed e-con e-parent\" data-id=\"7c8f897\" data-element_type=\"container\" data-e-type=\"container\">\n\t\t\t\t\t<div class=\"e-con-inner\">\n\t\t\t\t<div class=\"elementor-element elementor-element-4b4a696 elementor-widget elementor-widget-text-editor\" data-id=\"4b4a696\" data-element_type=\"widget\" data-e-type=\"widget\" data-widget_type=\"text-editor.default\">\n\t\t\t\t\t\t\t\t\t<p>Jezus powiedzia\u0142 do swoich uczni\u00f3w: \u201eId\u017acie na ca\u0142y \u015bwiat i g\u0142o\u015bcie Ewangeli\u0119 wszelkiemu stworzeniu! Kto uwierzy i przyjmie chrzest, b\u0119dzie zbawiony; a kto nie uwierzy, b\u0119dzie pot\u0119piony\u201d (Mk 16,15-16). Przez chrzest dokonuje si\u0119 narodzenie cz\u0142owieka z Ducha \u015awi\u0119tego.<br \/>Sakrament chrztu wyciska na duszy niezatarte znami\u0119, nazywane charakterem sakramentalnym. Przez ten znak zostali\u015bmy upodobnieni do Chrystusa-Arcykap\u0142ana i w\u0142\u0105czeni do Ko\u015bcio\u0142a, Jego Mistycznego Cia\u0142a. Charakteru sakramentalnego nie niszczy nawet grzech ci\u0119\u017cki, dlatego chrzest mo\u017cna przyj\u0105\u0107 tylko jeden raz. To niezatarte znami\u0119 powoduje, \u017ce mamy udzia\u0142 w tzw. powszechnym kap\u0142a\u0144stwie wiernych, a wi\u0119c zobowi\u0105zani jeste\u015bmy do sk\u0142adania Bogu czci i budowania Ko\u015bcio\u0142a.<br \/>W naszej parafii Chrztu \u015bw. udzielamy w drug\u0105 niedziel\u0119 miesi\u0105ca podczas Mszy \u015bw. o godz. 12.00.<br \/>Chrzest dziecka zg\u0142aszaj\u0105 rodzice w kancelarii parafialnej.<br \/>Przed sakramentem chrztu \u015bw. rodzice i rodzice chrzestni s\u0105 zaproszeni do udzia\u0142u w katechezie chrzcielnej. Odbywa si\u0119 ona zazwyczaj w sobot\u0119 poprzedzaj\u0105c\u0105 dzie\u0144 chrztu, po Mszy \u015bw. o godz. 18.30.<\/p><p><strong>Wymagane dokumenty potrzebne do chrztu dziecka:<\/strong><br \/>1. Akt urodzenia dziecka (do wgl\u0105du).<br \/>2. \u015awiadectwo \u015blubu ko\u015bcielnego.<br \/>3. Dane personalne chrzestnych: imi\u0119, nazwisko, wyznanie, wiek, zaw\u00f3d i adres zamieszkania.<br \/>4. Za\u015bwiadczenie stwierdzaj\u0105ce, \u017ce chrzestni s\u0105 osobami wierz\u0105cymi i praktykuj\u0105cymi Za\u015bwiadczenie takie wystawia proboszcz parafii, w kt\u00f3rej mieszkaj\u0105 chrzestni.<br \/>5. Je\u015bli rodzice dziecka, kt\u00f3re ma przyj\u0105\u0107 chrzest w naszej parafii, mieszkaj\u0105 poza ni\u0105, przynosz\u0105 ze swojej parafii pozwolenie na chrzest dziecka w naszej parafii.<\/p><p><strong>Kto mo\u017ce zosta\u0107 chrzestnym, a kto nie mo\u017ce:<br \/><\/strong>1. Osoby wyznaczone przez przyjmuj\u0105cego chrzest, lub jego rodzic\u00f3w, lub tego, kto ich zast\u0119puje i posiada wymagane kwalifikacje oraz intencj\u0119 pe\u0142nienia tego zadania.<br \/>2. Osoby, kt\u00f3re uko\u0144czy\u0142y 16 rok \u017cycia i otrzyma\u0142y ju\u017c sakrament bierzmowania.<br \/>3. Nie s\u0105 ojcem lub matk\u0105 przyjmuj\u0105cego chrzest.<br \/>4. Ochrzczony, nale\u017c\u0105cy do niekatolickiej wsp\u00f3lnoty ko\u015bcielnej, mo\u017ce by\u0107 dopuszczony tylko razem z chrzestnym katolikiem i jest jedynie \u015bwiadkiem chrztu.<br \/>5. Osoby niepraktykuj\u0105ce, osoby \u017cyj\u0105ce bez \u015blubu ko\u015bcielnego, a tak\u017ce m\u0142odzie\u017c nieucz\u0119szczaj\u0105ca na katechizacj\u0119, nie mog\u0105 by\u0107 rodzicami chrzestnymi dziecka.<\/p>\t\t\t\t\t\t\t\t<\/div>\n\t\t\t\t\t<\/div>\n\t\t\t\t<\/div>\n\t\t<div class=\"elementor-element elementor-element-0f99b0f e-flex e-con-boxed e-con e-parent\" data-id=\"0f99b0f\" data-element_type=\"container\" data-e-type=\"container\">\n\t\t\t\t\t<div class=\"e-con-inner\">\n\t\t\t\t<div class=\"elementor-element elementor-element-fe55952 elementor-widget elementor-widget-spacer\" data-id=\"fe55952\" data-element_type=\"widget\" data-e-type=\"widget\" data-widget_type=\"spacer.default\">\n\t\t\t\t\t\t\t<div class=\"elementor-spacer\">\n\t\t\t<div class=\"elementor-spacer-inner\"><\/div>\n\t\t<\/div>\n\t\t\t\t\t\t<\/div>\n\t\t\t\t\t<\/div>\n\t\t\t\t<\/div>\n\t\t\t\t<\/div>\n\t\t","protected":false},"excerpt":{"rendered":"<p>Chrzest Jezus powiedzia\u0142 do swoich uczni\u00f3w: \u201eId\u017acie na ca\u0142y \u015bwiat i g\u0142o\u015bcie Ewangeli\u0119 wszelkiemu stworzeniu! Kto uwierzy i przyjmie chrzest, b\u0119dzie zbawiony; a kto nie uwierzy, b\u0119dzie pot\u0119piony\u201d (Mk 16,15-16). Przez chrzest dokonuje si\u0119 narodzenie cz\u0142owieka z Ducha \u015awi\u0119tego.Sakrament chrztu wyciska na duszy niezatarte znami\u0119, nazywane charakterem sakramentalnym. Przez ten znak zostali\u015bmy upodobnieni do Chrystusa-Arcykap\u0142ana [&hellip;]<\/p>\n","protected":false},"author":1,"featured_media":0,"parent":14,"menu_order":0,"comment_status":"closed","ping_status":"closed","template":"","meta":{"footnotes":""},"class_list":["post-43","page","type-page","status-publish","hentry"],"_links":{"self":[{"href":"https:\/\/mbnp.fastllama.pl\/index.php?rest_route=\/wp\/v2\/pages\/43","targetHints":{"allow":["GET"]}}],"collection":[{"href":"https:\/\/mbnp.fastllama.pl\/index.php?rest_route=\/wp\/v2\/pages"}],"about":[{"href":"https:\/\/mbnp.fastllama.pl\/index.php?rest_route=\/wp\/v2\/types\/page"}],"author":[{"embeddable":true,"href":"https:\/\/mbnp.fastllama.pl\/index.php?rest_route=\/wp\/v2\/users\/1"}],"replies":[{"embeddable":true,"href":"https:\/\/mbnp.fastllama.pl\/index.php?rest_route=%2Fwp%2Fv2%2Fcomments&post=43"}],"version-history":[{"count":4,"href":"https:\/\/mbnp.fastllama.pl\/index.php?rest_route=\/wp\/v2\/pages\/43\/revisions"}],"predecessor-version":[{"id":8769,"href":"https:\/\/mbnp.fastllama.pl\/index.php?rest_route=\/wp\/v2\/pages\/43\/revisions\/8769"}],"up":[{"embeddable":true,"href":"https:\/\/mbnp.fastllama.pl\/index.php?rest_route=\/wp\/v2\/pages\/14"}],"wp:attachment":[{"href":"https:\/\/mbnp.fastllama.pl\/index.php?rest_route=%2Fwp%2Fv2%2Fmedia&parent=43"}],"curies":[{"name":"wp","href":"https:\/\/api.w.org\/{rel}","templated":true}]}}