{"id":36,"date":"2026-02-13T15:21:00","date_gmt":"2026-02-13T14:21:00","guid":{"rendered":"https:\/\/mbnp.fastllama.pl\/?page_id=36"},"modified":"2026-03-19T09:28:35","modified_gmt":"2026-03-19T08:28:35","slug":"spowiedz","status":"publish","type":"page","link":"https:\/\/mbnp.fastllama.pl\/?page_id=36","title":{"rendered":"Spowied\u017a"},"content":{"rendered":"\t\t<div data-elementor-type=\"wp-page\" data-elementor-id=\"36\" class=\"elementor elementor-36\">\n\t\t\t\t<div class=\"elementor-element elementor-element-ec41237 e-flex e-con-boxed e-con e-parent\" data-id=\"ec41237\" data-element_type=\"container\" data-e-type=\"container\">\n\t\t\t\t\t<div class=\"e-con-inner\">\n\t\t\t\t<div class=\"elementor-element elementor-element-8b581a0 elementor-widget elementor-widget-spacer\" data-id=\"8b581a0\" data-element_type=\"widget\" data-e-type=\"widget\" data-widget_type=\"spacer.default\">\n\t\t\t\t\t\t\t<div class=\"elementor-spacer\">\n\t\t\t<div class=\"elementor-spacer-inner\"><\/div>\n\t\t<\/div>\n\t\t\t\t\t\t<\/div>\n\t\t\t\t<div class=\"elementor-element elementor-element-e780a18 elementor-widget elementor-widget-heading\" data-id=\"e780a18\" data-element_type=\"widget\" data-e-type=\"widget\" data-widget_type=\"heading.default\">\n\t\t\t\t\t<h2 class=\"elementor-heading-title elementor-size-default\">Spowied\u017a<\/h2>\t\t\t\t<\/div>\n\t\t\t\t\t<\/div>\n\t\t\t\t<\/div>\n\t\t<div class=\"elementor-element elementor-element-45c1bde e-flex e-con-boxed e-con e-parent\" data-id=\"45c1bde\" data-element_type=\"container\" data-e-type=\"container\">\n\t\t\t\t\t<div class=\"e-con-inner\">\n\t\t\t\t<div class=\"elementor-element elementor-element-70fe2ea elementor-widget elementor-widget-text-editor\" data-id=\"70fe2ea\" data-element_type=\"widget\" data-e-type=\"widget\" data-widget_type=\"text-editor.default\">\n\t\t\t\t\t\t\t\t\t<p><strong>Niedziele i uroczysto\u015bci:<\/strong><\/p><p>15 min. przed ka\u017cd\u0105 Msz\u0105 \u015bw.<\/p><p><strong>Dni powszednie:<\/strong><\/p><p>od 6.15, 7.45, 11.45, 18.15<\/p>\t\t\t\t\t\t\t\t<\/div>\n\t\t\t\t\t<\/div>\n\t\t\t\t<\/div>\n\t\t\t\t<\/div>\n\t\t","protected":false},"excerpt":{"rendered":"<p>Spowied\u017a Niedziele i uroczysto\u015bci: 15 min. przed ka\u017cd\u0105 Msz\u0105 \u015bw. Dni powszednie: od 6.15, 7.45, 11.45, 18.15<\/p>\n","protected":false},"author":1,"featured_media":0,"parent":12,"menu_order":0,"comment_status":"closed","ping_status":"closed","template":"","meta":{"footnotes":""},"class_list":["post-36","page","type-page","status-publish","hentry"],"_links":{"self":[{"href":"https:\/\/mbnp.fastllama.pl\/index.php?rest_route=\/wp\/v2\/pages\/36","targetHints":{"allow":["GET"]}}],"collection":[{"href":"https:\/\/mbnp.fastllama.pl\/index.php?rest_route=\/wp\/v2\/pages"}],"about":[{"href":"https:\/\/mbnp.fastllama.pl\/index.php?rest_route=\/wp\/v2\/types\/page"}],"author":[{"embeddable":true,"href":"https:\/\/mbnp.fastllama.pl\/index.php?rest_route=\/wp\/v2\/users\/1"}],"replies":[{"embeddable":true,"href":"https:\/\/mbnp.fastllama.pl\/index.php?rest_route=%2Fwp%2Fv2%2Fcomments&post=36"}],"version-history":[{"count":4,"href":"https:\/\/mbnp.fastllama.pl\/index.php?rest_route=\/wp\/v2\/pages\/36\/revisions"}],"predecessor-version":[{"id":8745,"href":"https:\/\/mbnp.fastllama.pl\/index.php?rest_route=\/wp\/v2\/pages\/36\/revisions\/8745"}],"up":[{"embeddable":true,"href":"https:\/\/mbnp.fastllama.pl\/index.php?rest_route=\/wp\/v2\/pages\/12"}],"wp:attachment":[{"href":"https:\/\/mbnp.fastllama.pl\/index.php?rest_route=%2Fwp%2Fv2%2Fmedia&parent=36"}],"curies":[{"name":"wp","href":"https:\/\/api.w.org\/{rel}","templated":true}]}}