{"id":35,"date":"2026-02-13T15:21:00","date_gmt":"2026-02-13T14:21:00","guid":{"rendered":"https:\/\/mbnp.fastllama.pl\/?page_id=35"},"modified":"2026-03-19T09:27:18","modified_gmt":"2026-03-19T08:27:18","slug":"porzadek-mszy-swietych-i-nabozenstw","status":"publish","type":"page","link":"https:\/\/mbnp.fastllama.pl\/?page_id=35","title":{"rendered":"Porz\u0105dek mszy \u015bwi\u0119tych i nabo\u017ce\u0144stw"},"content":{"rendered":"\t\t<div data-elementor-type=\"wp-page\" data-elementor-id=\"35\" class=\"elementor elementor-35\">\n\t\t\t\t<div class=\"elementor-element elementor-element-6987112 e-flex e-con-boxed e-con e-parent\" data-id=\"6987112\" data-element_type=\"container\" data-e-type=\"container\">\n\t\t\t\t\t<div class=\"e-con-inner\">\n\t\t\t\t<div class=\"elementor-element elementor-element-2b351cb elementor-widget elementor-widget-spacer\" data-id=\"2b351cb\" data-element_type=\"widget\" data-e-type=\"widget\" data-widget_type=\"spacer.default\">\n\t\t\t\t\t\t\t<div class=\"elementor-spacer\">\n\t\t\t<div class=\"elementor-spacer-inner\"><\/div>\n\t\t<\/div>\n\t\t\t\t\t\t<\/div>\n\t\t\t\t\t<\/div>\n\t\t\t\t<\/div>\n\t\t<div class=\"elementor-element elementor-element-b01d9d2 e-flex e-con-boxed e-con e-parent\" data-id=\"b01d9d2\" data-element_type=\"container\" data-e-type=\"container\">\n\t\t\t\t\t<div class=\"e-con-inner\">\n\t\t\t\t<div class=\"elementor-element elementor-element-f1d7464 elementor-widget elementor-widget-heading\" data-id=\"f1d7464\" data-element_type=\"widget\" data-e-type=\"widget\" data-widget_type=\"heading.default\">\n\t\t\t\t\t<h2 class=\"elementor-heading-title elementor-size-default\">Msze \u015bw. i nabo\u017ce\u0144stwa<\/h2>\t\t\t\t<\/div>\n\t\t\t\t\t<\/div>\n\t\t\t\t<\/div>\n\t\t<div class=\"elementor-element elementor-element-bdf37bb e-flex e-con-boxed e-con e-parent\" data-id=\"bdf37bb\" data-element_type=\"container\" data-e-type=\"container\">\n\t\t\t\t\t<div class=\"e-con-inner\">\n\t\t<div class=\"elementor-element elementor-element-11f2ade e-con-full e-flex e-con e-child\" data-id=\"11f2ade\" data-element_type=\"container\" data-e-type=\"container\">\n\t\t\t\t<div class=\"elementor-element elementor-element-9cfbf41 elementor-widget elementor-widget-text-editor\" data-id=\"9cfbf41\" data-element_type=\"widget\" data-e-type=\"widget\" data-widget_type=\"text-editor.default\">\n\t\t\t\t\t\t\t\t\t<p><strong>Msze \u015bw. w niedziele i uroczysto\u015bci:<\/strong><br \/>7:30<br \/>9:00<br \/>10:30 \u2013 z udzia\u0142em dzieci<br \/>12:00 \u2013 suma<br \/>16:00 \u2013 z wyj\u0105tkiem okresu wakacji<br \/>18:30<br \/>20:00 (tylko do 1 listopada 2023) i w miesi\u0105cu lipcu i sierpniu<\/p><p><strong>Msze \u015bw. w dni powszednie:<\/strong><br \/>6:30, 8:00, 12:00, 18:30<\/p><p>\u00a0<\/p>\t\t\t\t\t\t\t\t<\/div>\n\t\t\t\t<\/div>\n\t\t<div class=\"elementor-element elementor-element-6d0d2a3 e-con-full e-flex e-con e-child\" data-id=\"6d0d2a3\" data-element_type=\"container\" data-e-type=\"container\">\n\t\t\t\t<div class=\"elementor-element elementor-element-a23c637 elementor-widget elementor-widget-text-editor\" data-id=\"a23c637\" data-element_type=\"widget\" data-e-type=\"widget\" data-widget_type=\"text-editor.default\">\n\t\t\t\t\t\t\t\t\t<p><strong>Nieustanna Nowenna do Matki Bo\u017cej Nieustaj\u0105cej Pomocy:<\/strong><br \/>8:30 i 18:00 \u2013 w ka\u017cd\u0105 \u015brod\u0119<\/p><p><strong>Droga Krzy\u017cowa w Wielkim Po\u015bcie:<\/strong><br \/>18:00 \u2013 codziennie opr\u00f3cz \u015brody i niedzieli<br \/>(z udzia\u0142em dzieci we wtorek i czwartek)<\/p><p><strong>Nabo\u017ce\u0144stwo R\u00f3\u017ca\u0144cowe w pa\u017adzierniku<\/strong><br \/>18:00 \u2013 codziennie opr\u00f3cz \u015brody<\/p><p><strong>Gorzkie \u017bale z kazaniem pasyjnym:<\/strong><br \/>17:00 \u2013 w niedziele Wielkiego Postu<\/p><p><strong>Godzinki:<\/strong><br \/>7:10 \u2013 w niedziele<br \/>17:40 \u2013 w \u015brody (ku czci Matki Bo\u017cej Nieustaj\u0105cej Pomocy)<\/p><p><strong>Nabo\u017ce\u0144stwo ku czci \u015bw. Gerarda w intencji rodzin oraz matek oczekuj\u0105cych dziecka:<\/strong><br \/>W ka\u017cdy wtorek przed Msz\u0105 \u015bw. o godz. 18:00<\/p><p><strong>Koronka do Mi\u0142osierdzia Bo\u017cego:<\/strong><br \/>W pi\u0105tek po Mszy \u015bw. z godz. 18:30 (opr\u00f3cz I pi\u0105tku miesi\u0105ca)<\/p><p><strong>Roraty:<\/strong><br \/>W dni powszednie o godz. 6:00<br \/>Dodatkowo z udzia\u0142em dzieci we wtorek i czwartek o godz. 18:30<\/p><p><strong>Wypominki w listopadzie:<\/strong><br \/>18:00 \u2013 codziennie opr\u00f3cz \u015brody<\/p><p><strong>Nabo\u017ce\u0144stwo Majowe:<\/strong><br \/>18:00 \u2013 codziennie opr\u00f3cz \u015brody<\/p><p><strong>Nabo\u017ce\u0144stwo Czerwcowe:<\/strong><br \/>18:00 \u2013 codziennie opr\u00f3cz \u015brody<\/p><p><strong>Apel Maryjny:<\/strong><br \/>26-go dnia ka\u017cdego miesi\u0105ca po Mszy \u015bw. z godz. 18:30<\/p>\t\t\t\t\t\t\t\t<\/div>\n\t\t\t\t<\/div>\n\t\t\t\t\t<\/div>\n\t\t\t\t<\/div>\n\t\t\t\t<\/div>\n\t\t","protected":false},"excerpt":{"rendered":"<p>Msze \u015bw. i nabo\u017ce\u0144stwa Msze \u015bw. w niedziele i uroczysto\u015bci:7:309:0010:30 \u2013 z udzia\u0142em dzieci12:00 \u2013 suma16:00 \u2013 z wyj\u0105tkiem okresu wakacji18:3020:00 (tylko do 1 listopada 2023) i w miesi\u0105cu lipcu i sierpniu Msze \u015bw. w dni powszednie:6:30, 8:00, 12:00, 18:30 \u00a0 Nieustanna Nowenna do Matki Bo\u017cej Nieustaj\u0105cej Pomocy:8:30 i 18:00 \u2013 w ka\u017cd\u0105 \u015brod\u0119 Droga [&hellip;]<\/p>\n","protected":false},"author":1,"featured_media":0,"parent":12,"menu_order":0,"comment_status":"closed","ping_status":"closed","template":"","meta":{"footnotes":""},"class_list":["post-35","page","type-page","status-publish","hentry"],"_links":{"self":[{"href":"https:\/\/mbnp.fastllama.pl\/index.php?rest_route=\/wp\/v2\/pages\/35","targetHints":{"allow":["GET"]}}],"collection":[{"href":"https:\/\/mbnp.fastllama.pl\/index.php?rest_route=\/wp\/v2\/pages"}],"about":[{"href":"https:\/\/mbnp.fastllama.pl\/index.php?rest_route=\/wp\/v2\/types\/page"}],"author":[{"embeddable":true,"href":"https:\/\/mbnp.fastllama.pl\/index.php?rest_route=\/wp\/v2\/users\/1"}],"replies":[{"embeddable":true,"href":"https:\/\/mbnp.fastllama.pl\/index.php?rest_route=%2Fwp%2Fv2%2Fcomments&post=35"}],"version-history":[{"count":4,"href":"https:\/\/mbnp.fastllama.pl\/index.php?rest_route=\/wp\/v2\/pages\/35\/revisions"}],"predecessor-version":[{"id":8742,"href":"https:\/\/mbnp.fastllama.pl\/index.php?rest_route=\/wp\/v2\/pages\/35\/revisions\/8742"}],"up":[{"embeddable":true,"href":"https:\/\/mbnp.fastllama.pl\/index.php?rest_route=\/wp\/v2\/pages\/12"}],"wp:attachment":[{"href":"https:\/\/mbnp.fastllama.pl\/index.php?rest_route=%2Fwp%2Fv2%2Fmedia&parent=35"}],"curies":[{"name":"wp","href":"https:\/\/api.w.org\/{rel}","templated":true}]}}