{"id":32,"date":"2026-02-13T15:21:00","date_gmt":"2026-02-13T14:21:00","guid":{"rendered":"https:\/\/mbnp.fastllama.pl\/?page_id=32"},"modified":"2026-03-19T09:49:52","modified_gmt":"2026-03-19T08:49:52","slug":"kancelaria-parafialna","status":"publish","type":"page","link":"https:\/\/mbnp.fastllama.pl\/?page_id=32","title":{"rendered":"Kancelaria parafialna"},"content":{"rendered":"\t\t<div data-elementor-type=\"wp-page\" data-elementor-id=\"32\" class=\"elementor elementor-32\">\n\t\t\t\t<div class=\"elementor-element elementor-element-9305173 e-flex e-con-boxed e-con e-parent\" data-id=\"9305173\" data-element_type=\"container\" data-e-type=\"container\">\n\t\t\t\t\t<div class=\"e-con-inner\">\n\t\t\t\t<div class=\"elementor-element elementor-element-6c8c072 elementor-widget elementor-widget-spacer\" data-id=\"6c8c072\" data-element_type=\"widget\" data-e-type=\"widget\" data-widget_type=\"spacer.default\">\n\t\t\t\t\t\t\t<div class=\"elementor-spacer\">\n\t\t\t<div class=\"elementor-spacer-inner\"><\/div>\n\t\t<\/div>\n\t\t\t\t\t\t<\/div>\n\t\t\t\t\t<\/div>\n\t\t\t\t<\/div>\n\t\t<div class=\"elementor-element elementor-element-7c55acc e-flex e-con-boxed e-con e-parent\" data-id=\"7c55acc\" data-element_type=\"container\" data-e-type=\"container\">\n\t\t\t\t\t<div class=\"e-con-inner\">\n\t\t\t\t<div class=\"elementor-element elementor-element-aad8f12 elementor-widget elementor-widget-heading\" data-id=\"aad8f12\" data-element_type=\"widget\" data-e-type=\"widget\" data-widget_type=\"heading.default\">\n\t\t\t\t\t<h2 class=\"elementor-heading-title elementor-size-default\">Kancelaria parafialna<\/h2>\t\t\t\t<\/div>\n\t\t\t\t\t<\/div>\n\t\t\t\t<\/div>\n\t\t<div class=\"elementor-element elementor-element-216fbfb e-flex e-con-boxed e-con e-parent\" data-id=\"216fbfb\" data-element_type=\"container\" data-e-type=\"container\">\n\t\t\t\t\t<div class=\"e-con-inner\">\n\t\t\t\t<div class=\"elementor-element elementor-element-6fcd4a8 elementor-widget elementor-widget-text-editor\" data-id=\"6fcd4a8\" data-element_type=\"widget\" data-e-type=\"widget\" data-widget_type=\"text-editor.default\">\n\t\t\t\t\t\t\t\t\t<p><strong>Godziny otwarcia w czasie zwyk\u0142ym:<br \/><\/strong>\u00b7 Wtorek \u2013 16.00 \u2013 17.30<br \/>\u00b7 \u015aroda \u2013 19.30 \u2013 20.30<br \/>\u00b7 Pi\u0105tek \u2013 19:30 \u2013 20:30 \u2013 spisywanie protoko\u0142\u00f3w przed\u015blubnych (narzeczeni)<br \/>\u00b7 Sobota \u2013 10.00 \u2013 11.30 (opr\u00f3cz pierwszych sob\u00f3t miesi\u0105ca)<\/p><p><strong>Godziny otwarcia w czasie wakacji:<br \/><\/strong>\u00b7 \u015aroda \u2013 10.00 \u2013 11.30 i 19.30 \u2013 20.30<\/p><p>W niedziele, \u015bwi\u0119ta ko\u015bcielne i pa\u0144stwowe, kancelaria jest nieczynna<br \/>(w nag\u0142ych potrzebach jeste\u015bmy zawsze do dyspozycji)<\/p>\t\t\t\t\t\t\t\t<\/div>\n\t\t\t\t\t<\/div>\n\t\t\t\t<\/div>\n\t\t<div class=\"elementor-element elementor-element-641bf4b e-flex e-con-boxed e-con e-parent\" data-id=\"641bf4b\" data-element_type=\"container\" data-e-type=\"container\">\n\t\t\t\t\t<div class=\"e-con-inner\">\n\t\t\t\t<div class=\"elementor-element elementor-element-14d74a1 elementor-widget elementor-widget-spacer\" data-id=\"14d74a1\" data-element_type=\"widget\" data-e-type=\"widget\" data-widget_type=\"spacer.default\">\n\t\t\t\t\t\t\t<div class=\"elementor-spacer\">\n\t\t\t<div class=\"elementor-spacer-inner\"><\/div>\n\t\t<\/div>\n\t\t\t\t\t\t<\/div>\n\t\t\t\t\t<\/div>\n\t\t\t\t<\/div>\n\t\t<div class=\"elementor-element elementor-element-b693d40 e-flex e-con-boxed e-con e-parent\" data-id=\"b693d40\" data-element_type=\"container\" data-e-type=\"container\">\n\t\t\t\t\t<div class=\"e-con-inner\">\n\t\t\t\t<div class=\"elementor-element elementor-element-34ce826 elementor-widget elementor-widget-text-editor\" data-id=\"34ce826\" data-element_type=\"widget\" data-e-type=\"widget\" data-widget_type=\"text-editor.default\">\n\t\t\t\t\t\t\t\t\t<h3>Kontakt<\/h3><div class=\"textwidget\"><p>Rzymskokatolicka Parafia Matki Bo\u017cej Nieustaj\u0105cej Pomocy<br \/>Redemptory\u015bci\u00a0Krak\u00f3w \u2013 Podg\u00f3rze<br \/>ul. Zamoyskiego 56,\u00a030-523 Krak\u00f3w<\/p><p>tel. 12 656 29 10 lub 12 260 97 00<br \/>fax 12 656 31 97<br \/>email: parafia@redemptorysci.krakow.pl<\/p><p>Numer rachunku bankowego:<br \/>Bank PEKAO SA o\/Krak\u00f3w:<br \/>41\u00a01240 4432 1111 0010 6390 4481<\/p><\/div>\t\t\t\t\t\t\t\t<\/div>\n\t\t\t\t\t<\/div>\n\t\t\t\t<\/div>\n\t\t\t\t<\/div>\n\t\t","protected":false},"excerpt":{"rendered":"<p>Kancelaria parafialna Godziny otwarcia w czasie zwyk\u0142ym:\u00b7 Wtorek \u2013 16.00 \u2013 17.30\u00b7 \u015aroda \u2013 19.30 \u2013 20.30\u00b7 Pi\u0105tek \u2013 19:30 \u2013 20:30 \u2013 spisywanie protoko\u0142\u00f3w przed\u015blubnych (narzeczeni)\u00b7 Sobota \u2013 10.00 \u2013 11.30 (opr\u00f3cz pierwszych sob\u00f3t miesi\u0105ca) Godziny otwarcia w czasie wakacji:\u00b7 \u015aroda \u2013 10.00 \u2013 11.30 i 19.30 \u2013 20.30 W niedziele, \u015bwi\u0119ta ko\u015bcielne i [&hellip;]<\/p>\n","protected":false},"author":1,"featured_media":0,"parent":10,"menu_order":0,"comment_status":"closed","ping_status":"closed","template":"","meta":{"footnotes":""},"class_list":["post-32","page","type-page","status-publish","hentry"],"_links":{"self":[{"href":"https:\/\/mbnp.fastllama.pl\/index.php?rest_route=\/wp\/v2\/pages\/32","targetHints":{"allow":["GET"]}}],"collection":[{"href":"https:\/\/mbnp.fastllama.pl\/index.php?rest_route=\/wp\/v2\/pages"}],"about":[{"href":"https:\/\/mbnp.fastllama.pl\/index.php?rest_route=\/wp\/v2\/types\/page"}],"author":[{"embeddable":true,"href":"https:\/\/mbnp.fastllama.pl\/index.php?rest_route=\/wp\/v2\/users\/1"}],"replies":[{"embeddable":true,"href":"https:\/\/mbnp.fastllama.pl\/index.php?rest_route=%2Fwp%2Fv2%2Fcomments&post=32"}],"version-history":[{"count":7,"href":"https:\/\/mbnp.fastllama.pl\/index.php?rest_route=\/wp\/v2\/pages\/32\/revisions"}],"predecessor-version":[{"id":8763,"href":"https:\/\/mbnp.fastllama.pl\/index.php?rest_route=\/wp\/v2\/pages\/32\/revisions\/8763"}],"up":[{"embeddable":true,"href":"https:\/\/mbnp.fastllama.pl\/index.php?rest_route=\/wp\/v2\/pages\/10"}],"wp:attachment":[{"href":"https:\/\/mbnp.fastllama.pl\/index.php?rest_route=%2Fwp%2Fv2%2Fmedia&parent=32"}],"curies":[{"name":"wp","href":"https:\/\/api.w.org\/{rel}","templated":true}]}}